{"id":37031,"date":"2020-12-07T15:04:26","date_gmt":"2020-12-07T15:04:26","guid":{"rendered":"https:\/\/caterpillar-energy-solutions.de\/success-factors\/qualitatsmanagement\/"},"modified":"2026-03-18T15:41:25","modified_gmt":"2026-03-18T15:41:25","slug":"quality-management","status":"publish","type":"page","link":"https:\/\/caterpillar-energy-solutions.de\/en\/success-factors\/quality-management\/","title":{"rendered":"Quality Management"},"content":{"rendered":"<p><img loading=\"lazy\" decoding=\"async\" class=\"alignleft wp-image-38314 size-medium-custom\" title=\"Quality managment at Caterpillar Energy Solutions\" src=\"https:\/\/caterpillar-energy-solutions.de\/wp-content\/uploads\/2021\/01\/qualitaetsmanagement-517x310.jpg\" alt=\"Quality managment at Caterpillar Energy Solutions\" width=\"517\" height=\"310\" srcset=\"https:\/\/caterpillar-energy-solutions.de\/wp-content\/uploads\/2021\/01\/qualitaetsmanagement-517x310.jpg 517w, https:\/\/caterpillar-energy-solutions.de\/wp-content\/uploads\/2021\/01\/qualitaetsmanagement-768x460.jpg 768w, https:\/\/caterpillar-energy-solutions.de\/wp-content\/uploads\/2021\/01\/qualitaetsmanagement.jpg 1054w\" sizes=\"auto, (max-width: 517px) 100vw, 517px\" \/><\/p>\n<h2 class=\"image-clear\">From procurement to service \u2013 Quality is our top priority<\/h2>\n<p>For 150 years, we have been committed to uncompromising quality and the continuous advancement of our products. It is the only way we can recognize future customer needs, along with the requirements of the market and the environment in a timely manner, and fulfill them according to our high quality standards.<\/p>\n<h2>Highest standards for ourselves<\/h2>\n<p>All Caterpillar Energy Solutions locations are certified according to ISO 9001:2015. For us, the implementation of relevant directives is not merely something that is &#8220;nice to have\u201d, but an essential requirement of our customers. We also apply our own strict guidelines as a strategic tool to ensure the constant further development of our employees, products and services. Thus, in all process phases \u2013 from development to manufacturing \u2013 the company observes the &#8220;two-man rule&#8221;, availing itself of the latest quality instruments and methods.<\/p>\n<h2 style=\"clear: both;\">Qualification of employees<\/h2>\n<p>We ask a lot of our employees, yet we also provide them with all the support they need. All of our employees possess superb skills and have a first-rate professional qualifications or an academic background. At Caterpillar Energy Solutions, we also place great emphasis on a wide-range of internal training and further educational opportunities to promote the development of our employees.<\/p>\n<p><img loading=\"lazy\" decoding=\"async\" class=\"alignleft wp-image-39824\" src=\"https:\/\/caterpillar-energy-solutions.de\/wp-content\/uploads\/2021\/06\/mwm_qm_EN.jpg\" alt=\"Quality Management\" width=\"517\" height=\"364\" \/><\/p>\n<h2 class=\"image-clear\">State-of the art manufacturing facilities<\/h2>\n<p>High-performance and state-of-the-art manufacturing facilities guarantee an optimized production process and ensure the fitness for use as well as the high quality of our products such as <a href=\"https:\/\/www.mwm.net\/mwm-chp-gas-engines-gensets-cogeneration\/gas-engines-power-generators\/\" target=\"_blank\" rel=\"noopener noreferrer\">gas engines, gensets<\/a> and <a href=\"https:\/\/www.mwm.net\/mwm-chp-gas-engines-gensets-cogeneration\/mwm-competencies\/cogeneration-trigeneration-plants\/\" target=\"_blank\" rel=\"noopener noreferrer\">cogeneration systems<\/a>.<\/p>\n<h2>Involvement of suppliers<\/h2>\n<p>A further cornerstone of the Caterpillar Energy Solutions quality philosophy is the seamless integration of recognized suppliers and service providers in all production and corporate processes.<\/p>\n<h2 style=\"clear: both;\">Products<\/h2>\n<p>Our consistent quality management guarantees products with lasting high levels of efficiency and ease of operation, in adherence with the highest environmental standards.<\/p>\n<h2>Customized, competent and quick service<\/h2>\n<p>The Caterpillar Energy Solutions service portal is available to our customers around the clock to deliver customized support and ensure rapid spare parts supply. We thus guarantee tailored solutions, reduced downtimes and, as a result, superior profitability of the plant.<\/p>\n<h2>Approved professional welding shop<\/h2>\n<p>We are a certified professional welding shop, which meets the terms of the EN ISO 3834-2:2021 standard. We also require all Caterpillar Energy Solutions suppliers to have the necessary welding technology certifications.<\/p>\n<h2>Download certificates<\/h2>\n<ul>\n<li>Certificate DIN EN ISO 9001:2015 (Quality Management) <a href=\"\/wp-content\/uploads\/2025\/10\/TUEV-Zertifikat-ISO-9001_2015_E.pdf\" target=\"_blank\" rel=\"noopener noreferrer\">EN<\/a> |\u00a0<a href=\"\/wp-content\/uploads\/2025\/10\/TUEV-Zertifikat-ISO-9001_2015_D.pdf\" target=\"_blank\" rel=\"noopener noreferrer\">DE<\/a><\/li>\n<li>Certificate DIN EN ISO 50001:2018\u00a0(Energy Management) <a href=\"\/wp-content\/uploads\/2025\/10\/TUEV-Zertifikat-ISO-50001_2018_E_00.pdf\" target=\"_blank\" rel=\"noopener noreferrer\">EN<\/a> |\u00a0<a href=\"\/wp-content\/uploads\/2025\/10\/TUEV-Zertifikat-ISO-50001_2018_D_00.pdf\" target=\"_blank\" rel=\"noopener noreferrer\">DE<\/a><\/li>\n<li>Certificate DIN EN ISO 3834-2:2021 (Quality Requirements for Welding) <a href=\"\/wp-content\/uploads\/2026\/03\/Certificate-DIN-EN-ISO-3834-2_EN_DS.pdf\" target=\"_blank\" rel=\"noopener noreferrer\">EN<\/a> |\u00a0<a href=\"\/wp-content\/uploads\/2026\/03\/Zertifikat-DIN-EN-ISO-3834-2_DE_DS.pdf\" target=\"_blank\" rel=\"noopener noreferrer\">DE<\/a><\/li>\n<\/ul>\n<h2>Communication of the Integrated Management System Policy (Spain)<\/h2>\n<p>The subsidiary of Caterpillar Energy Solutions in Spain has defined its Integrated Management System Policy which is certified according to ISO 9001:2015, ISO 14001: 2015 and ISO 45001:2018 for the scope of its business activities which cover the sale, design, assembly, installation and after-sales services of gensets in the facilities of Madrid and Vigo. As well as at Iberdrola facilities where it provides with the operation of the plants which includes engines and auxiliaries: Milagros, Fonz, Monz\u00f3n, San Mill\u00e1n and Fudepor.<\/p>\n<p><strong>Spanish: Comunicaci\u00f3n Pol\u00edtica del Sistema Integrado de Gesti\u00f3n<\/strong><\/p>\n<p>Caterpillar Energy Solutions, S.A ha definido su Pol\u00edtica del Sistema Integrado de Gesti\u00f3n certificada seg\u00fan las normas ISO 9001:2015, ISO 14001:2015 e ISO 45001:2018 para el alcance de su actividad de comercializaci\u00f3n, dise\u00f1o, montaje, instalaci\u00f3n y servicio postventa de motores para grupos de generaci\u00f3n de energ\u00eda en los centros de Madrid y Vigo. As\u00ed como en los centros de Iberdrola sobre los que presta el servicio de operaci\u00f3n de motores y equipos auxiliares: Milagros, Fonz, Monz\u00f3n, San Mill\u00e1n y Fudepor.<\/p>\n<p>Download: <a href=\"https:\/\/caterpillar-energy-solutions.de\/wp-content\/uploads\/2021\/07\/POD_01v2_Politica_SIG_en-US.pdf\" target=\"_blank\" rel=\"noopener noreferrer\">EN<\/a> | <a href=\"https:\/\/caterpillar-energy-solutions.de\/wp-content\/uploads\/2021\/07\/POD_01v2_Politica_SIG.pdf\" target=\"_blank\" rel=\"noopener noreferrer\">ES<\/a><\/p>\n","protected":false},"excerpt":{"rendered":"<p>From procurement to service \u2013 Quality is our top priority For 150 years, we have been committed to uncompromising quality and the continuous advancement of our products. It is the only way we can recognize future customer needs, along with the requirements of the market and the environment in a timely manner, and fulfill them &hellip; <\/p>\n<p class=\"link-more\"><a href=\"https:\/\/caterpillar-energy-solutions.de\/en\/success-factors\/quality-management\/\" class=\"more-link\">Continue reading<span class=\"screen-reader-text\"> &#8220;Quality Management&#8221;<\/span><\/a><\/p>\n","protected":false},"author":1,"featured_media":38314,"parent":37024,"menu_order":0,"comment_status":"closed","ping_status":"closed","template":"","meta":{"_acf_changed":false,"footnotes":""},"class_list":["post-37031","page","type-page","status-publish","has-post-thumbnail","hentry"],"acf":[],"yoast_head":"<!-- This site is optimized with the Yoast SEO plugin v27.2 - https:\/\/yoast.com\/product\/yoast-seo-wordpress\/ -->\n<title>Quality Management - Caterpillar Energy Solutions<\/title>\n<meta name=\"description\" content=\"For 150 years, we have been committed to uncompromising quality and the continuous advancement of our products.\" \/>\n<meta name=\"robots\" content=\"index, follow, max-snippet:-1, max-image-preview:large, max-video-preview:-1\" \/>\n<link rel=\"canonical\" href=\"https:\/\/caterpillar-energy-solutions.de\/en\/success-factors\/quality-management\/\" \/>\n<meta property=\"og:locale\" content=\"en_US\" \/>\n<meta property=\"og:type\" content=\"article\" \/>\n<meta property=\"og:title\" content=\"Quality Management - Caterpillar Energy Solutions\" \/>\n<meta property=\"og:description\" content=\"For 150 years, we have been committed to uncompromising quality and the continuous advancement of our products.\" \/>\n<meta property=\"og:url\" content=\"https:\/\/caterpillar-energy-solutions.de\/en\/success-factors\/quality-management\/\" \/>\n<meta property=\"og:site_name\" content=\"Caterpillar Energy Solutions\" \/>\n<meta property=\"article:modified_time\" content=\"2026-03-18T15:41:25+00:00\" \/>\n<meta property=\"og:image\" content=\"https:\/\/caterpillar-energy-solutions.de\/wp-content\/uploads\/2021\/01\/qualitaetsmanagement.jpg\" \/>\n\t<meta property=\"og:image:width\" content=\"1054\" \/>\n\t<meta property=\"og:image:height\" content=\"631\" \/>\n\t<meta property=\"og:image:type\" content=\"image\/jpeg\" \/>\n<meta name=\"twitter:card\" content=\"summary_large_image\" \/>\n<meta name=\"twitter:label1\" content=\"Est. reading time\" \/>\n\t<meta name=\"twitter:data1\" content=\"4 minutes\" \/>\n<script type=\"application\/ld+json\" class=\"yoast-schema-graph\">{\"@context\":\"https:\/\/schema.org\",\"@graph\":[{\"@type\":\"WebPage\",\"@id\":\"https:\/\/caterpillar-energy-solutions.de\/en\/success-factors\/quality-management\/\",\"url\":\"https:\/\/caterpillar-energy-solutions.de\/en\/success-factors\/quality-management\/\",\"name\":\"Quality Management - Caterpillar Energy Solutions\",\"isPartOf\":{\"@id\":\"https:\/\/caterpillar-energy-solutions.de\/en\/#website\"},\"primaryImageOfPage\":{\"@id\":\"https:\/\/caterpillar-energy-solutions.de\/en\/success-factors\/quality-management\/#primaryimage\"},\"image\":{\"@id\":\"https:\/\/caterpillar-energy-solutions.de\/en\/success-factors\/quality-management\/#primaryimage\"},\"thumbnailUrl\":\"https:\/\/caterpillar-energy-solutions.de\/wp-content\/uploads\/2021\/01\/qualitaetsmanagement.jpg\",\"datePublished\":\"2020-12-07T15:04:26+00:00\",\"dateModified\":\"2026-03-18T15:41:25+00:00\",\"description\":\"For 150 years, we have been committed to uncompromising quality and the continuous advancement of our products.\",\"breadcrumb\":{\"@id\":\"https:\/\/caterpillar-energy-solutions.de\/en\/success-factors\/quality-management\/#breadcrumb\"},\"inLanguage\":\"en-US\",\"potentialAction\":[{\"@type\":\"ReadAction\",\"target\":[\"https:\/\/caterpillar-energy-solutions.de\/en\/success-factors\/quality-management\/\"]}]},{\"@type\":\"ImageObject\",\"inLanguage\":\"en-US\",\"@id\":\"https:\/\/caterpillar-energy-solutions.de\/en\/success-factors\/quality-management\/#primaryimage\",\"url\":\"https:\/\/caterpillar-energy-solutions.de\/wp-content\/uploads\/2021\/01\/qualitaetsmanagement.jpg\",\"contentUrl\":\"https:\/\/caterpillar-energy-solutions.de\/wp-content\/uploads\/2021\/01\/qualitaetsmanagement.jpg\",\"width\":1054,\"height\":631,\"caption\":\"Quality Management\"},{\"@type\":\"BreadcrumbList\",\"@id\":\"https:\/\/caterpillar-energy-solutions.de\/en\/success-factors\/quality-management\/#breadcrumb\",\"itemListElement\":[{\"@type\":\"ListItem\",\"position\":1,\"name\":\"Home\",\"item\":\"https:\/\/caterpillar-energy-solutions.de\/en\/\"},{\"@type\":\"ListItem\",\"position\":2,\"name\":\"Success Factors\",\"item\":\"https:\/\/caterpillar-energy-solutions.de\/en\/success-factors\/\"},{\"@type\":\"ListItem\",\"position\":3,\"name\":\"Quality Management\"}]},{\"@type\":\"WebSite\",\"@id\":\"https:\/\/caterpillar-energy-solutions.de\/en\/#website\",\"url\":\"https:\/\/caterpillar-energy-solutions.de\/en\/\",\"name\":\"Caterpillar Energy Solutions\",\"description\":\"Caterpillar Energy Solutions\",\"publisher\":{\"@id\":\"https:\/\/caterpillar-energy-solutions.de\/en\/#organization\"},\"potentialAction\":[{\"@type\":\"SearchAction\",\"target\":{\"@type\":\"EntryPoint\",\"urlTemplate\":\"https:\/\/caterpillar-energy-solutions.de\/en\/?s={search_term_string}\"},\"query-input\":{\"@type\":\"PropertyValueSpecification\",\"valueRequired\":true,\"valueName\":\"search_term_string\"}}],\"inLanguage\":\"en-US\"},{\"@type\":\"Organization\",\"@id\":\"https:\/\/caterpillar-energy-solutions.de\/en\/#organization\",\"name\":\"Caterpillar Energy Solutions\",\"url\":\"https:\/\/caterpillar-energy-solutions.de\/en\/\",\"logo\":{\"@type\":\"ImageObject\",\"inLanguage\":\"en-US\",\"@id\":\"https:\/\/caterpillar-energy-solutions.de\/en\/#\/schema\/logo\/image\/\",\"url\":\"https:\/\/caterpillar-energy-solutions.de\/wp-content\/uploads\/2020\/12\/cropped-cropped-logo-ces_144.png\",\"contentUrl\":\"https:\/\/caterpillar-energy-solutions.de\/wp-content\/uploads\/2020\/12\/cropped-cropped-logo-ces_144.png\",\"width\":1530,\"height\":250,\"caption\":\"Caterpillar Energy Solutions\"},\"image\":{\"@id\":\"https:\/\/caterpillar-energy-solutions.de\/en\/#\/schema\/logo\/image\/\"}}]}<\/script>\n<!-- \/ Yoast SEO plugin. -->","yoast_head_json":{"title":"Quality Management - Caterpillar Energy Solutions","description":"For 150 years, we have been committed to uncompromising quality and the continuous advancement of our products.","robots":{"index":"index","follow":"follow","max-snippet":"max-snippet:-1","max-image-preview":"max-image-preview:large","max-video-preview":"max-video-preview:-1"},"canonical":"https:\/\/caterpillar-energy-solutions.de\/en\/success-factors\/quality-management\/","og_locale":"en_US","og_type":"article","og_title":"Quality Management - Caterpillar Energy Solutions","og_description":"For 150 years, we have been committed to uncompromising quality and the continuous advancement of our products.","og_url":"https:\/\/caterpillar-energy-solutions.de\/en\/success-factors\/quality-management\/","og_site_name":"Caterpillar Energy Solutions","article_modified_time":"2026-03-18T15:41:25+00:00","og_image":[{"width":1054,"height":631,"url":"https:\/\/caterpillar-energy-solutions.de\/wp-content\/uploads\/2021\/01\/qualitaetsmanagement.jpg","type":"image\/jpeg"}],"twitter_card":"summary_large_image","twitter_misc":{"Est. reading time":"4 minutes"},"schema":{"@context":"https:\/\/schema.org","@graph":[{"@type":"WebPage","@id":"https:\/\/caterpillar-energy-solutions.de\/en\/success-factors\/quality-management\/","url":"https:\/\/caterpillar-energy-solutions.de\/en\/success-factors\/quality-management\/","name":"Quality Management - Caterpillar Energy Solutions","isPartOf":{"@id":"https:\/\/caterpillar-energy-solutions.de\/en\/#website"},"primaryImageOfPage":{"@id":"https:\/\/caterpillar-energy-solutions.de\/en\/success-factors\/quality-management\/#primaryimage"},"image":{"@id":"https:\/\/caterpillar-energy-solutions.de\/en\/success-factors\/quality-management\/#primaryimage"},"thumbnailUrl":"https:\/\/caterpillar-energy-solutions.de\/wp-content\/uploads\/2021\/01\/qualitaetsmanagement.jpg","datePublished":"2020-12-07T15:04:26+00:00","dateModified":"2026-03-18T15:41:25+00:00","description":"For 150 years, we have been committed to uncompromising quality and the continuous advancement of our products.","breadcrumb":{"@id":"https:\/\/caterpillar-energy-solutions.de\/en\/success-factors\/quality-management\/#breadcrumb"},"inLanguage":"en-US","potentialAction":[{"@type":"ReadAction","target":["https:\/\/caterpillar-energy-solutions.de\/en\/success-factors\/quality-management\/"]}]},{"@type":"ImageObject","inLanguage":"en-US","@id":"https:\/\/caterpillar-energy-solutions.de\/en\/success-factors\/quality-management\/#primaryimage","url":"https:\/\/caterpillar-energy-solutions.de\/wp-content\/uploads\/2021\/01\/qualitaetsmanagement.jpg","contentUrl":"https:\/\/caterpillar-energy-solutions.de\/wp-content\/uploads\/2021\/01\/qualitaetsmanagement.jpg","width":1054,"height":631,"caption":"Quality Management"},{"@type":"BreadcrumbList","@id":"https:\/\/caterpillar-energy-solutions.de\/en\/success-factors\/quality-management\/#breadcrumb","itemListElement":[{"@type":"ListItem","position":1,"name":"Home","item":"https:\/\/caterpillar-energy-solutions.de\/en\/"},{"@type":"ListItem","position":2,"name":"Success Factors","item":"https:\/\/caterpillar-energy-solutions.de\/en\/success-factors\/"},{"@type":"ListItem","position":3,"name":"Quality Management"}]},{"@type":"WebSite","@id":"https:\/\/caterpillar-energy-solutions.de\/en\/#website","url":"https:\/\/caterpillar-energy-solutions.de\/en\/","name":"Caterpillar Energy Solutions","description":"Caterpillar Energy Solutions","publisher":{"@id":"https:\/\/caterpillar-energy-solutions.de\/en\/#organization"},"potentialAction":[{"@type":"SearchAction","target":{"@type":"EntryPoint","urlTemplate":"https:\/\/caterpillar-energy-solutions.de\/en\/?s={search_term_string}"},"query-input":{"@type":"PropertyValueSpecification","valueRequired":true,"valueName":"search_term_string"}}],"inLanguage":"en-US"},{"@type":"Organization","@id":"https:\/\/caterpillar-energy-solutions.de\/en\/#organization","name":"Caterpillar Energy Solutions","url":"https:\/\/caterpillar-energy-solutions.de\/en\/","logo":{"@type":"ImageObject","inLanguage":"en-US","@id":"https:\/\/caterpillar-energy-solutions.de\/en\/#\/schema\/logo\/image\/","url":"https:\/\/caterpillar-energy-solutions.de\/wp-content\/uploads\/2020\/12\/cropped-cropped-logo-ces_144.png","contentUrl":"https:\/\/caterpillar-energy-solutions.de\/wp-content\/uploads\/2020\/12\/cropped-cropped-logo-ces_144.png","width":1530,"height":250,"caption":"Caterpillar Energy Solutions"},"image":{"@id":"https:\/\/caterpillar-energy-solutions.de\/en\/#\/schema\/logo\/image\/"}}]}},"_links":{"self":[{"href":"https:\/\/caterpillar-energy-solutions.de\/en\/wp-json\/wp\/v2\/pages\/37031","targetHints":{"allow":["GET"]}}],"collection":[{"href":"https:\/\/caterpillar-energy-solutions.de\/en\/wp-json\/wp\/v2\/pages"}],"about":[{"href":"https:\/\/caterpillar-energy-solutions.de\/en\/wp-json\/wp\/v2\/types\/page"}],"author":[{"embeddable":true,"href":"https:\/\/caterpillar-energy-solutions.de\/en\/wp-json\/wp\/v2\/users\/1"}],"replies":[{"embeddable":true,"href":"https:\/\/caterpillar-energy-solutions.de\/en\/wp-json\/wp\/v2\/comments?post=37031"}],"version-history":[{"count":4,"href":"https:\/\/caterpillar-energy-solutions.de\/en\/wp-json\/wp\/v2\/pages\/37031\/revisions"}],"predecessor-version":[{"id":43470,"href":"https:\/\/caterpillar-energy-solutions.de\/en\/wp-json\/wp\/v2\/pages\/37031\/revisions\/43470"}],"up":[{"embeddable":true,"href":"https:\/\/caterpillar-energy-solutions.de\/en\/wp-json\/wp\/v2\/pages\/37024"}],"wp:featuredmedia":[{"embeddable":true,"href":"https:\/\/caterpillar-energy-solutions.de\/en\/wp-json\/wp\/v2\/media\/38314"}],"wp:attachment":[{"href":"https:\/\/caterpillar-energy-solutions.de\/en\/wp-json\/wp\/v2\/media?parent=37031"}],"curies":[{"name":"wp","href":"https:\/\/api.w.org\/{rel}","templated":true}]}}